{"id":178,"date":"2017-05-01T10:31:42","date_gmt":"2017-05-01T10:31:42","guid":{"rendered":"https:\/\/www.fare-sa.com\/activite\/"},"modified":"2017-11-10T08:47:04","modified_gmt":"2017-11-10T08:47:04","slug":"activite","status":"publish","type":"page","link":"https:\/\/www.fare-sa.com\/en\/activite\/","title":{"rendered":"Activity"},"content":{"rendered":"<p>FARE has qualified staff to design leading edge technology fire safety products. Our teams take part in many conferences and participate in international work groups in which they contribute to improving knowledge in the fire detection field.<\/p>\n","protected":false},"excerpt":{"rendered":"<p>FARE has qualified staff to design leading edge technology fire safety products. Our teams take part in many conferences and participate in international work groups in which they contribute to improving knowledge in the fire detection field.<\/p>\n","protected":false},"author":1,"featured_media":92,"parent":0,"menu_order":0,"comment_status":"closed","ping_status":"closed","template":"page-activities.php","meta":{"footnotes":""},"class_list":["post-178","page","type-page","status-publish","has-post-thumbnail","hentry"],"yoast_head":"<!-- This site is optimized with the Yoast SEO plugin v25.4 - https:\/\/yoast.com\/wordpress\/plugins\/seo\/ -->\n<title>FARE \u2013 D\u00e9couvrez les diff\u00e9rentes activit\u00e9s de l\u2019entreprise<\/title>\n<meta name=\"description\" content=\"FARE, une entreprise centr\u00e9e sur la s\u00e9curit\u00e9 incendie. D\u00e9couvrez toutes nos activit\u00e9s.\" \/>\n<meta name=\"robots\" content=\"index, follow, max-snippet:-1, max-image-preview:large, max-video-preview:-1\" \/>\n<link rel=\"canonical\" href=\"https:\/\/www.fare-sa.com\/activite\/\" \/>\n<meta property=\"og:locale\" content=\"en_US\" \/>\n<meta property=\"og:type\" content=\"article\" \/>\n<meta property=\"og:title\" content=\"FARE \u2013 D\u00e9couvrez les diff\u00e9rentes activit\u00e9s de l\u2019entreprise\" \/>\n<meta property=\"og:description\" content=\"FARE, une entreprise centr\u00e9e sur la s\u00e9curit\u00e9 incendie. D\u00e9couvrez toutes nos activit\u00e9s.\" \/>\n<meta property=\"og:url\" content=\"https:\/\/www.fare-sa.com\/activite\/\" \/>\n<meta property=\"og:site_name\" content=\"FARE\" \/>\n<meta property=\"article:modified_time\" content=\"2017-11-10T08:47:04+00:00\" \/>\n<meta property=\"og:image\" content=\"https:\/\/www.fare-sa.com\/wp-content\/uploads\/2017\/05\/bn2.jpg\" \/>\n\t<meta property=\"og:image:width\" content=\"1920\" \/>\n\t<meta property=\"og:image:height\" content=\"286\" \/>\n\t<meta property=\"og:image:type\" content=\"image\/jpeg\" \/>\n<meta name=\"twitter:card\" content=\"summary_large_image\" \/>\n<script type=\"application\/ld+json\" class=\"yoast-schema-graph\">{\"@context\":\"https:\/\/schema.org\",\"@graph\":[{\"@type\":\"WebPage\",\"@id\":\"https:\/\/www.fare-sa.com\/activite\/\",\"url\":\"https:\/\/www.fare-sa.com\/activite\/\",\"name\":\"FARE \u2013 D\u00e9couvrez les diff\u00e9rentes activit\u00e9s de l\u2019entreprise\",\"isPartOf\":{\"@id\":\"https:\/\/www.fare-sa.com\/#website\"},\"primaryImageOfPage\":{\"@id\":\"https:\/\/www.fare-sa.com\/activite\/#primaryimage\"},\"image\":{\"@id\":\"https:\/\/www.fare-sa.com\/activite\/#primaryimage\"},\"thumbnailUrl\":\"https:\/\/www.fare-sa.com\/wp-content\/uploads\/2017\/05\/bn2.jpg\",\"datePublished\":\"2017-05-01T10:31:42+00:00\",\"dateModified\":\"2017-11-10T08:47:04+00:00\",\"description\":\"FARE, une entreprise centr\u00e9e sur la s\u00e9curit\u00e9 incendie. D\u00e9couvrez toutes nos activit\u00e9s.\",\"breadcrumb\":{\"@id\":\"https:\/\/www.fare-sa.com\/activite\/#breadcrumb\"},\"inLanguage\":\"en-US\",\"potentialAction\":[{\"@type\":\"ReadAction\",\"target\":[\"https:\/\/www.fare-sa.com\/activite\/\"]}]},{\"@type\":\"ImageObject\",\"inLanguage\":\"en-US\",\"@id\":\"https:\/\/www.fare-sa.com\/activite\/#primaryimage\",\"url\":\"https:\/\/www.fare-sa.com\/wp-content\/uploads\/2017\/05\/bn2.jpg\",\"contentUrl\":\"https:\/\/www.fare-sa.com\/wp-content\/uploads\/2017\/05\/bn2.jpg\",\"width\":1920,\"height\":286},{\"@type\":\"BreadcrumbList\",\"@id\":\"https:\/\/www.fare-sa.com\/activite\/#breadcrumb\",\"itemListElement\":[{\"@type\":\"ListItem\",\"position\":1,\"name\":\"Accueil\",\"item\":\"https:\/\/www.fare-sa.com\/\"},{\"@type\":\"ListItem\",\"position\":2,\"name\":\"Activity\"}]},{\"@type\":\"WebSite\",\"@id\":\"https:\/\/www.fare-sa.com\/#website\",\"url\":\"https:\/\/www.fare-sa.com\/\",\"name\":\"FARE\",\"description\":\"\",\"publisher\":{\"@id\":\"https:\/\/www.fare-sa.com\/#organization\"},\"potentialAction\":[{\"@type\":\"SearchAction\",\"target\":{\"@type\":\"EntryPoint\",\"urlTemplate\":\"https:\/\/www.fare-sa.com\/?s={search_term_string}\"},\"query-input\":{\"@type\":\"PropertyValueSpecification\",\"valueRequired\":true,\"valueName\":\"search_term_string\"}}],\"inLanguage\":\"en-US\"},{\"@type\":\"Organization\",\"@id\":\"https:\/\/www.fare-sa.com\/#organization\",\"name\":\"FARE\",\"url\":\"https:\/\/www.fare-sa.com\/\",\"logo\":{\"@type\":\"ImageObject\",\"inLanguage\":\"en-US\",\"@id\":\"https:\/\/www.fare-sa.com\/#\/schema\/logo\/image\/\",\"url\":\"https:\/\/www.fare-sa.com\/wp-content\/uploads\/2017\/05\/logo-fare-2.png\",\"contentUrl\":\"https:\/\/www.fare-sa.com\/wp-content\/uploads\/2017\/05\/logo-fare-2.png\",\"width\":92,\"height\":96,\"caption\":\"FARE\"},\"image\":{\"@id\":\"https:\/\/www.fare-sa.com\/#\/schema\/logo\/image\/\"}}]}<\/script>\n<!-- \/ Yoast SEO plugin. -->","yoast_head_json":{"title":"FARE \u2013 D\u00e9couvrez les diff\u00e9rentes activit\u00e9s de l\u2019entreprise","description":"FARE, une entreprise centr\u00e9e sur la s\u00e9curit\u00e9 incendie. D\u00e9couvrez toutes nos activit\u00e9s.","robots":{"index":"index","follow":"follow","max-snippet":"max-snippet:-1","max-image-preview":"max-image-preview:large","max-video-preview":"max-video-preview:-1"},"canonical":"https:\/\/www.fare-sa.com\/activite\/","og_locale":"en_US","og_type":"article","og_title":"FARE \u2013 D\u00e9couvrez les diff\u00e9rentes activit\u00e9s de l\u2019entreprise","og_description":"FARE, une entreprise centr\u00e9e sur la s\u00e9curit\u00e9 incendie. D\u00e9couvrez toutes nos activit\u00e9s.","og_url":"https:\/\/www.fare-sa.com\/activite\/","og_site_name":"FARE","article_modified_time":"2017-11-10T08:47:04+00:00","og_image":[{"width":1920,"height":286,"url":"https:\/\/www.fare-sa.com\/wp-content\/uploads\/2017\/05\/bn2.jpg","type":"image\/jpeg"}],"twitter_card":"summary_large_image","schema":{"@context":"https:\/\/schema.org","@graph":[{"@type":"WebPage","@id":"https:\/\/www.fare-sa.com\/activite\/","url":"https:\/\/www.fare-sa.com\/activite\/","name":"FARE \u2013 D\u00e9couvrez les diff\u00e9rentes activit\u00e9s de l\u2019entreprise","isPartOf":{"@id":"https:\/\/www.fare-sa.com\/#website"},"primaryImageOfPage":{"@id":"https:\/\/www.fare-sa.com\/activite\/#primaryimage"},"image":{"@id":"https:\/\/www.fare-sa.com\/activite\/#primaryimage"},"thumbnailUrl":"https:\/\/www.fare-sa.com\/wp-content\/uploads\/2017\/05\/bn2.jpg","datePublished":"2017-05-01T10:31:42+00:00","dateModified":"2017-11-10T08:47:04+00:00","description":"FARE, une entreprise centr\u00e9e sur la s\u00e9curit\u00e9 incendie. D\u00e9couvrez toutes nos activit\u00e9s.","breadcrumb":{"@id":"https:\/\/www.fare-sa.com\/activite\/#breadcrumb"},"inLanguage":"en-US","potentialAction":[{"@type":"ReadAction","target":["https:\/\/www.fare-sa.com\/activite\/"]}]},{"@type":"ImageObject","inLanguage":"en-US","@id":"https:\/\/www.fare-sa.com\/activite\/#primaryimage","url":"https:\/\/www.fare-sa.com\/wp-content\/uploads\/2017\/05\/bn2.jpg","contentUrl":"https:\/\/www.fare-sa.com\/wp-content\/uploads\/2017\/05\/bn2.jpg","width":1920,"height":286},{"@type":"BreadcrumbList","@id":"https:\/\/www.fare-sa.com\/activite\/#breadcrumb","itemListElement":[{"@type":"ListItem","position":1,"name":"Accueil","item":"https:\/\/www.fare-sa.com\/"},{"@type":"ListItem","position":2,"name":"Activity"}]},{"@type":"WebSite","@id":"https:\/\/www.fare-sa.com\/#website","url":"https:\/\/www.fare-sa.com\/","name":"FARE","description":"","publisher":{"@id":"https:\/\/www.fare-sa.com\/#organization"},"potentialAction":[{"@type":"SearchAction","target":{"@type":"EntryPoint","urlTemplate":"https:\/\/www.fare-sa.com\/?s={search_term_string}"},"query-input":{"@type":"PropertyValueSpecification","valueRequired":true,"valueName":"search_term_string"}}],"inLanguage":"en-US"},{"@type":"Organization","@id":"https:\/\/www.fare-sa.com\/#organization","name":"FARE","url":"https:\/\/www.fare-sa.com\/","logo":{"@type":"ImageObject","inLanguage":"en-US","@id":"https:\/\/www.fare-sa.com\/#\/schema\/logo\/image\/","url":"https:\/\/www.fare-sa.com\/wp-content\/uploads\/2017\/05\/logo-fare-2.png","contentUrl":"https:\/\/www.fare-sa.com\/wp-content\/uploads\/2017\/05\/logo-fare-2.png","width":92,"height":96,"caption":"FARE"},"image":{"@id":"https:\/\/www.fare-sa.com\/#\/schema\/logo\/image\/"}}]}},"_links":{"self":[{"href":"https:\/\/www.fare-sa.com\/en\/wp-json\/wp\/v2\/pages\/178","targetHints":{"allow":["GET"]}}],"collection":[{"href":"https:\/\/www.fare-sa.com\/en\/wp-json\/wp\/v2\/pages"}],"about":[{"href":"https:\/\/www.fare-sa.com\/en\/wp-json\/wp\/v2\/types\/page"}],"author":[{"embeddable":true,"href":"https:\/\/www.fare-sa.com\/en\/wp-json\/wp\/v2\/users\/1"}],"replies":[{"embeddable":true,"href":"https:\/\/www.fare-sa.com\/en\/wp-json\/wp\/v2\/comments?post=178"}],"version-history":[{"count":2,"href":"https:\/\/www.fare-sa.com\/en\/wp-json\/wp\/v2\/pages\/178\/revisions"}],"predecessor-version":[{"id":403,"href":"https:\/\/www.fare-sa.com\/en\/wp-json\/wp\/v2\/pages\/178\/revisions\/403"}],"wp:featuredmedia":[{"embeddable":true,"href":"https:\/\/www.fare-sa.com\/en\/wp-json\/wp\/v2\/media\/92"}],"wp:attachment":[{"href":"https:\/\/www.fare-sa.com\/en\/wp-json\/wp\/v2\/media?parent=178"}],"curies":[{"name":"wp","href":"https:\/\/api.w.org\/{rel}","templated":true}]}}